{"id":4,"date":"2017-01-24T15:50:17","date_gmt":"2017-01-24T15:50:17","guid":{"rendered":"http:\/\/anavita.nl\/?page_id=4"},"modified":"2017-03-13T19:14:44","modified_gmt":"2017-03-13T19:14:44","slug":"home","status":"publish","type":"page","link":"https:\/\/anavita.nl\/de\/","title":{"rendered":"Home"},"content":{"rendered":"<p><\/p>\n<h2 style=\"text-align: center;\">Innovieren mit GBV (Gesunder Bauern Verstand)<\/h2>\n<h4 style=\"text-align: center;\">Gemeinsam mit Ihnen verbindet Ana Vita Technik, Automatisierung, Innovation und Erfahrung im Lebensmittelmarkt. Auf diese Weise haben wir neue L\u00f6sungen f\u00fcr Pr\u00e4zisionslandwirtschaft <a href=\"https:\/\/anavita.nl\/precisie-landbouw\/\">pr\u00e4zise Landbouw<\/a> und \u00a0<a href=\"https:\/\/anavita.nl\/elektronisch-sorteren\/\">elektronisch sorteren <\/a>zusammengestellt. Das Ergebnis ist eine wirtschaftlich solide und nachhaltige Produktion und Produkt.<\/h4>\n<p><\/p>","protected":false},"excerpt":{"rendered":"<p>Innovieren mit GBV (Gesunder Bauern Verstand) Gemeinsam mit Ihnen verbindet Ana Vita Technik, Automatisierung, Innovation und Erfahrung im Lebensmittelmarkt. Auf diese Weise haben wir neue L\u00f6sungen f\u00fcr Pr\u00e4zisionslandwirtschaft pr\u00e4zise Landbouw und \u00a0elektronisch sorteren zusammengestellt. Das Ergebnis ist eine wirtschaftlich solide und nachhaltige Produktion und Produkt.<\/p>\n","protected":false},"author":1,"featured_media":0,"parent":0,"menu_order":0,"comment_status":"closed","ping_status":"closed","template":"page-templates\/front.php","meta":{"footnotes":""},"class_list":["post-4","page","type-page","status-publish","hentry"],"_links":{"self":[{"href":"https:\/\/anavita.nl\/de\/wp-json\/wp\/v2\/pages\/4","targetHints":{"allow":["GET"]}}],"collection":[{"href":"https:\/\/anavita.nl\/de\/wp-json\/wp\/v2\/pages"}],"about":[{"href":"https:\/\/anavita.nl\/de\/wp-json\/wp\/v2\/types\/page"}],"author":[{"embeddable":true,"href":"https:\/\/anavita.nl\/de\/wp-json\/wp\/v2\/users\/1"}],"replies":[{"embeddable":true,"href":"https:\/\/anavita.nl\/de\/wp-json\/wp\/v2\/comments?post=4"}],"version-history":[{"count":9,"href":"https:\/\/anavita.nl\/de\/wp-json\/wp\/v2\/pages\/4\/revisions"}],"predecessor-version":[{"id":145,"href":"https:\/\/anavita.nl\/de\/wp-json\/wp\/v2\/pages\/4\/revisions\/145"}],"wp:attachment":[{"href":"https:\/\/anavita.nl\/de\/wp-json\/wp\/v2\/media?parent=4"}],"curies":[{"name":"wp","href":"https:\/\/api.w.org\/{rel}","templated":true}]}}